{"id":35,"date":"2018-03-26T19:25:12","date_gmt":"2018-03-26T17:25:12","guid":{"rendered":"http:\/\/www.w7com.fr\/w7com\/test1\/?page_id=35"},"modified":"2018-03-26T19:25:12","modified_gmt":"2018-03-26T17:25:12","slug":"les-etablissements","status":"publish","type":"page","link":"http:\/\/www.w7com.fr\/w7com\/test3\/les-etablissements\/","title":{"rendered":"Les \u00e9tablissements"},"content":{"rendered":"<p><span style=\"color: #00589f;font-family: Arial, Helvetica, sans-serif\"><b>Dossier de demande d&rsquo;orientation :<\/b><\/span><br \/>\nL&rsquo;orientation est du ressort de la Commission des Droits et de l&rsquo;Autonomie qui se prononce, en concertation avec la personne handicap\u00e9e et ses repr\u00e9sentants.<br \/>\nPour les dossiers d&rsquo;orientation : voir avec la MDPH pour les d\u00e9marches<\/p>\n<p><a href=\"http:\/\/www.trisomie21-93.org\/typo_etab_special.pdf\">[ Typologie des \u00e9tablissements sp\u00e9cialis\u00e9s\u00a0\u00a0<img decoding=\"async\" class=\"icon\" src=\"http:\/\/www.trisomie21-93.org\/images\/logopdf.jpg\" \/>]<\/a><br \/>\n<i>Extrait d&rsquo;une fiche technique de la \u00ab\u00a0Charte d&rsquo;accueil des personnes handicap\u00e9es dans les \u00e9quipements culturels\u00a0\u00bb, valid\u00e9e par la Commission nationale Culture- Handicap du 5 mai 2003.<\/i><\/p>\n<h2>Les \u00e9tablissements sp\u00e9cialis\u00e9s pour les jeunes (0 \u00e0 20 ans) dans le d\u00e9partement:<\/h2>\n<p><span style=\"color: #00589f;font-family: Arial, Helvetica, sans-serif\"><b>Les Etablissements M\u00e9dico &#8211; Educatif \/ M\u00e9dico &#8211; Professionnel :<\/b><\/span><br \/>\n<b>Autisme 93<\/b> 120 av du Colonel Fabien MONTREUIL 93100 T\u00e9l: 01.48.70.58.23<br \/>\n<b>EESRHM \/ SASAIS<\/b> 15-17 av de Verdun BONDY 93140 T\u00e9l: 01.48.47.18.70<br \/>\n<b>EME \/ SSAD Le Cap Vert CESAP<\/b> 1-7 all\u00e9e de Bragance LES PAVILLONS-SOUS-BOIS 93320 T\u00e9l: 01.41.55.19.17<br \/>\n<b>EMP<\/b> 1 rue Philippe Le Bon LIVRY-GARGAN 93190 T\u00e9l: 01.43.30.22.03<br \/>\n<b>EMP \/ EMPro de Montguichet<\/b>\u00a02 avenue de Bellevue GAGNY 93220 T\u00e9l: 01.45.09.25.20<br \/>\n<b>EMP \/ EMPro \u00ab\u00a0Edelweiss\u00a0\u00bb A.I.P.E.I<\/b>\u00a02 all\u00e9e des Foug\u00e8res LE RAINCY 93340 T\u00e9l: 01.43.02.64.27<br \/>\n<b>EMP Jean Mac\u00e9<\/b> 12 A rue \u00c9mile Beaufils MONTREUIL 93100 T\u00e9l: 01.42.87.72.64<br \/>\n<b>EMP Ren\u00e9 Lalouette<\/b> 81 avenue Jean Jaur\u00e8s AULNAY-SOUS-BOIS 93600 T\u00e9l: 01.48.66.63.16<br \/>\n<b>EMPro de la R\u00e9sidence Sociale<\/b> 26 avenue Romain Rolland SAINT-DENIS 93200 T\u00e9l: 01.48.21.82.54<br \/>\n<b>ESAT Toulouse-Lautrec<\/b> ZA Chanteloup D3, 2 rue Albert Einstein AULNAY-SOUS-BOIS 93600 T\u00e9l: 01.48.19.86.90<\/p>\n<p><span style=\"color: #00589f;font-family: Arial, Helvetica, sans-serif\"><b>Les SAS : Section d&rsquo;Adaptation Sp\u00e9cialis\u00e9e<\/b><\/span><br \/>\n<b>APEI SAS de Montreuil<\/b>\u00a059 rue de Vincennes MONTREUIL 93100 T\u00e9l: 01.48.57.02.10<br \/>\n<a href=\"http:\/\/www.trisomie21-93.org\/SAS2017.pdf\" target=\"_blank\" rel=\"noopener\">Calendrier d&rsquo;ouverture de la SAS 2017\u00a0\u00a0<img decoding=\"async\" class=\"icon\" src=\"http:\/\/www.trisomie21-93.org\/images\/logopdf.jpg\" \/><\/a><\/p>\n<p><span style=\"color: #00589f;font-family: Arial, Helvetica, sans-serif\"><b>Les Instituts d&rsquo;Education Motrice :<\/b><\/span><br \/>\n<b>IEM &#8211; Centre de Jean Richepin<\/b> 6, rue Jean Richepin NOISY-LE-GRAND 93160 T\u00e9l: 01.43.03.31.08<br \/>\n<b>IEM &#8211; Centre de r\u00e9\u00e9ducation pour enfants sourds<\/b> 60 rue \u00c9mile Cossonneau NOISY-LE-GRAND 93160 T\u00e9l: 01.43.03.71.52<br \/>\n<b>IEM &#8211; Service Enfance<\/b> 12 rue des Rosiers SAINT-OUEN 93400 T\u00e9l: 01.40.12.14.56<br \/>\n<b>IEM Les Chemins de Traverse<\/b> 23, rue de l&rsquo;Universit\u00e9 NOISY-LE-GRAND 93160 T\u00e9l: 01.48.15.06.50<\/p>\n<p><span style=\"color: #00589f;font-family: Arial, Helvetica, sans-serif\"><b>Les Instituts M\u00e9dico &#8211; Educatif \/ M\u00e9dico &#8211; Professionnel :<\/b><\/span><br \/>\n<b>IME \/ SESSAD<\/b> 100, rue Lavoisier ROSNY-SOUS-BOIS 93110 T\u00e9l: 01.48.94.66.50<br \/>\n<b>IME \/ SESSAD Le Logis<\/b> 90 rue Sadi Carnot DRANCY 93700 T\u00e9l: 01.48.96.98.00<br \/>\n<b>IME \/ SESSAD Les Moulins G\u00e9meaux<\/b> 11 rue Pierre Brossolette SAINT-DENIS 93200 T\u00e9l: 01.49.71.17.60<br \/>\n<b>IME Adam-Shelton<\/b> 14,rue Lanne SAINT-DENIS 93200 T\u00e9l: 01.48.13.74.80<br \/>\n<b>IME Ambroise Croizat<\/b> 41 boulevard Biron SAINT-OUEN 93400 T\u00e9l: 01.49.18.10.50<br \/>\n<b>IME \/ IMPro \/ SESSAD Bernadette Coursol<\/b> 84, rue Kl\u00e9ber MONTREUIL 93100 T\u00e9l: 01.41.72.18.00<br \/>\n<b>IME Chaptal<\/b> Rue Chaptal-prolong\u00e9e EPINAY-SUR-SEINE 93800 T\u00e9l: 01.48.29.71.19<br \/>\n<b>IME et Professionnel Excelsior<\/b> 7 boulevard du Nord LE RAINCY 93340 T\u00e9l: 01.43.81.04.81<br \/>\n<b>IME Henri Wallon<\/b> 8 all\u00e9e Duguesclin NOISY-LE-SEC 93130 T\u00e9l: 01.48.48.07.90<br \/>\n<b>IME Jean Marc Itard<\/b> 3 avenue de Verdun LE BLANC-MESNIL 93150 T\u00e9l: 01.48.69.08.94<br \/>\n<b>IME Le Petit Orme<\/b> 1 impasse de la Poste TREMBLAY-EN-FRANCE 93290 T\u00e9l: 01.49.63.47.77<br \/>\n<b>IME Le Tremplin<\/b> 9 rue Georges Bruy\u00e8re BOBIGNY 93000 T\u00e9l: 01.48.47.01.22<br \/>\n<b>IMP \/ IMPro Romain Rolland<\/b> 18 rue Elis\u00e9e Reclus AUBERVILLIERS 93300 T\u00e9l\u00e9phon 01.53.56.00.70<br \/>\n<b>IMP Henri Wallon<\/b> 8 avenue Louis Bordes STAINS 93240 T\u00e9l: 01.48.26.69.32<br \/>\n<b>IMP Le Nid<\/b> 7 all\u00e9e du Ch\u00e2teau d&rsquo;Eau LE RAINCY 93340 T\u00e9l: 01.43.81.04.25<br \/>\n<b>IMP Louise Michel<\/b> 64 rue Charles Auray PANTIN 93500 T\u00e9l: 01.48.44.00.01<\/p>\n<p><span style=\"color: #00589f;font-family: Arial, Helvetica, sans-serif\"><b>Les Sercives d&rsquo;Education Sp\u00e9cialis\u00e9e et de Soins A Domicile :<\/b><\/span><br \/>\n<b>SESSAD<\/b> 2 Gallerie Fran\u00e7ois Truffaut AUBERVILLIERS 93300 T\u00e9l: 01.48.11.27.50<br \/>\n<b>SESSAD du GEIST Ados<\/b> 7 place Bertie Albrecht MONTREUIL 93100 T\u00e9l: 01.48.51.38.64<br \/>\n<b>SESSAD du GEIST Enfants<\/b> 64 rue L\u00e9nine BAGNOLET 93170 T\u00e9l: 01.43.62.62.88<br \/>\n<b>SESSAD Envol<\/b> 450, voie de la Courtine NOISY-LE-GRAND 93160 T\u00e9l: 01.58.84.29.53<br \/>\n<b>SESSAD Selia 93<\/b> 42, av du Marechal Leclerc LIVRY-GARGAN 93190 T\u00e9l: 01.41.70.39.80<br \/>\n<b>SSESD du GIMC<\/b> 29, bd du Midi LE RAINCY 93340 T\u00e9l: 01.41.53.09.02<br \/>\n<b>SSESD du GIMC<\/b> 103, rue Pierre-Jouhet AULNAY-SOUS-BOIS 93600 T\u00e9l: 01.48.68.45.90<\/p>\n<p><span style=\"color: #00589f;font-family: Arial, Helvetica, sans-serif\"><b>Liens:<\/b><\/span><br \/>\nVous pouvez trouver la liste des \u00e9tablissements sp\u00e9cialis\u00e9s du d\u00e9partement sur plusieurs sites Internet:<br \/>\n<a href=\"http:\/\/www.sanitaire-social.com\/rech_part_001.php\" target=\"_blank\" rel=\"noopener\">&#8211; Annuaire Sanitaire et social<\/a><\/p>\n<h2>Les \u00e9tablissements pour adultes handicap\u00e9s<\/h2>\n<p>Le site du Conseil G\u00e9n\u00e9ral de Seine-Saint-Denis propose une liste des \u00e9tablissements pour adultes handicap\u00e9s.<\/p>\n<p><a href=\"http:\/\/www.seine-saint-denis.fr\/-Etablissements-pour-adultes-.html\" target=\"_blank\" rel=\"noopener\"><img decoding=\"async\" src=\"http:\/\/www.trisomie21-93.org\/images\/logoCG93.jpg\" \/>\u00a0\u00a0Liste des \u00e9tablissements pour adultes handicap\u00e9s en Seine-Saint-Denis<\/a><\/p>\n","protected":false},"excerpt":{"rendered":"<p>Dossier de demande d&rsquo;orientation : L&rsquo;orientation est du ressort de la Commission des Droits et de l&rsquo;Autonomie qui se prononce, en concertation avec la personne handicap\u00e9e et ses repr\u00e9sentants. Pour les dossiers d&rsquo;orientation : voir avec la MDPH pour les d\u00e9marches [ Typologie des \u00e9tablissements sp\u00e9cialis\u00e9s\u00a0\u00a0] Extrait d&rsquo;une fiche technique de la \u00ab\u00a0Charte d&rsquo;accueil des [&hellip;]<\/p>\n","protected":false},"author":1,"featured_media":0,"parent":0,"menu_order":0,"comment_status":"closed","ping_status":"closed","template":"","meta":[],"_links":{"self":[{"href":"http:\/\/www.w7com.fr\/w7com\/test3\/wp-json\/wp\/v2\/pages\/35"}],"collection":[{"href":"http:\/\/www.w7com.fr\/w7com\/test3\/wp-json\/wp\/v2\/pages"}],"about":[{"href":"http:\/\/www.w7com.fr\/w7com\/test3\/wp-json\/wp\/v2\/types\/page"}],"author":[{"embeddable":true,"href":"http:\/\/www.w7com.fr\/w7com\/test3\/wp-json\/wp\/v2\/users\/1"}],"replies":[{"embeddable":true,"href":"http:\/\/www.w7com.fr\/w7com\/test3\/wp-json\/wp\/v2\/comments?post=35"}],"version-history":[{"count":0,"href":"http:\/\/www.w7com.fr\/w7com\/test3\/wp-json\/wp\/v2\/pages\/35\/revisions"}],"wp:attachment":[{"href":"http:\/\/www.w7com.fr\/w7com\/test3\/wp-json\/wp\/v2\/media?parent=35"}],"curies":[{"name":"wp","href":"https:\/\/api.w.org\/{rel}","templated":true}]}}